{"id":2,"date":"2024-05-18T11:16:54","date_gmt":"2024-05-18T09:16:54","guid":{"rendered":"https:\/\/www.interactivmedias.com\/fr\/?page_id=2"},"modified":"2025-03-13T19:38:43","modified_gmt":"2025-03-13T18:38:43","slug":"home","status":"publish","type":"page","link":"https:\/\/www.interactivmedias.com\/fr\/","title":{"rendered":"Home FR"},"content":{"rendered":"<p><div id=\"uid_baa1817a4\" class=\"rbc-row rbc-fw-section clearfix is-fullwidth\"><div class=\"rbc-container rb-p20-gutter\"><div class=\"rbc-content\">\t\t<div id=\"uid_478aba5a2\" class=\"block-wrap fw-block fw-feat-17 none-margin\" >\r\n\t\t\t\t<div class=\"content-wrap\"><div class=\"content-inner rb-row rb-n10-all\">\r\n\t\t<div class=\"sleft rb-col-d8 rb-col-m12\"><div class=\"p-outer rb-p10-all rb-col-m12\">\t\t<div class=\"p-wrap p-overlay p-overlay-1 post-97\">\r\n\t\t\t<div class=\"p-feat-holder\">\r\n\t\t\t\t\t\t\t\t<div class=\"p-feat\">\r\n\t\t\t\t\t\t\t<a class=\"p-flink\" href=\"https:\/\/www.interactivmedias.com\/fr\/redaction-web-seo-comment-ecrire-un-article-qui-ranke-et-qui-convertit\/\" aria-label=\"R\u00e9daction Web SEO : comment \u00e9crire un article qui ranke ET qui convertit\">\r\n\t\t\t<span class=\"rb-iwrap\"><img loading=\"lazy\" decoding=\"async\" width=\"1110\" height=\"750\" src=\"https:\/\/www.interactivmedias.com\/fr\/wp-content\/uploads\/sites\/2\/2026\/02\/redaction-web-seo-1110x750.jpg\" class=\"attachment-pixwell_370x250-3x size-pixwell_370x250-3x wp-post-image\" alt=\"redaction web seo\" \/><\/span> <\/a>\r\n\t\t\t\t\t\t\t<div class=\"content-overlay is-light-text\">\r\n\t\t\t\t\t\t<div class=\"overlay-holder\">\r\n\t\t\t\t\t\t\t\t\t<aside class=\"p-cat-info is-relative\">\r\n\t\t\t<a class=\"cat-info-el cat-info-id-5\" href=\"https:\/\/www.interactivmedias.com\/fr\/webmarketing-seo\/\" rel=\"category\">Webmarketing et SEO<\/a>\t\t<\/aside>\r\n\t\t\t\t\t\t\t\t\t<div class=\"p-header\"><h2 class=\"entry-title h1\">\t\t<a class=\"p-url\" href=\"https:\/\/www.interactivmedias.com\/fr\/redaction-web-seo-comment-ecrire-un-article-qui-ranke-et-qui-convertit\/\" rel=\"bookmark\">R\u00e9daction Web SEO : comment \u00e9crire un article qui ranke ET qui convertit<\/a>\r\n\t\t<span class=\"read-it-later bookmark-item\"  data-title=\"Read it Later\" data-bookmarkid=\"97\">\r\n\t\t\t<i class=\"rbi rbi-bookmark\" aria-hidden=\"true\"><\/i><\/span>\r\n\t\t<\/h2><\/div>\r\n\t\t\t\t\t\t\t\t\t\t\t\t\t\t<div class=\"p-footer\">\r\n\t\t\t\t\t\t\t\t<aside class=\"p-meta-info\">\t\t<span class=\"meta-info-el meta-info-author\">\r\n\t\t\t<span class=\"screen-reader-text\">Posted by<\/span>\r\n\t\t\t\t\t\t\t<span class=\"meta-avatar\"><img alt='' src='https:\/\/secure.gravatar.com\/avatar\/62ea2f878c448dddb189839b6be0bb15bb6ffb9d3598a2674d78d159e9264ddd?s=22&#038;d=mm&#038;r=g' srcset='https:\/\/secure.gravatar.com\/avatar\/62ea2f878c448dddb189839b6be0bb15bb6ffb9d3598a2674d78d159e9264ddd?s=44&#038;d=mm&#038;r=g 2x' class='avatar avatar-22 photo' height='22' width='22' \/><\/span>\r\n\t\t\t\t<a href=\"https:\/\/www.interactivmedias.com\/fr\/author\/interactiv\/\">Interactiv<\/a>\r\n\t\t\t\t\t<\/span>\r\n\t\t\t\t<span class=\"meta-info-el meta-info-read\">\r\n\t\t\t<i class=\"rbi rbi-fish-eye\"><\/i>\t\t\t8 Min Read\t\t<\/span>\r\n\t\t<span class=\"meta-info-el mobile-bookmark\"><span class=\"read-it-later bookmark-item\"  data-title=\"Read it Later\" data-bookmarkid=\"97\">\r\n\t\t\t<i class=\"rbi rbi-bookmark\" aria-hidden=\"true\"><\/i><\/span>\r\n\t\t<\/span><\/aside>\t\t<a class=\"btn p-link\" aria-label=\"R\u00e9daction Web SEO : comment \u00e9crire un article qui ranke ET qui convertit\" href=\"https:\/\/www.interactivmedias.com\/fr\/redaction-web-seo-comment-ecrire-un-article-qui-ranke-et-qui-convertit\/\">READ MORE\t\t\t<i class=\"rbi rbi-arrow-right\" aria-hidden=\"true\"><\/i><\/a>\r\n\t\t\t\t\t\t\t\t\t<\/div>\r\n\t\t\t\t\t\t<\/div>\r\n\t\t\t\t\t<\/div>\r\n\t\t\t\t<\/div>\r\n\t\t\t<\/div>\r\n\t\t<\/div>\r\n\t\t<\/div><div class=\"p-outer rb-p10-all rb-col-d6 rb-col-t12\">\t\t<div class=\"p-wrap p-list p-list-4 post-83 no-avatar\">\r\n\t\t\t\t\t\t\t<div class=\"col-left\">\r\n\t\t\t\t\t<div class=\"p-feat\">\r\n\t\t\t\t\t\t\t\t<a class=\"p-flink\" href=\"https:\/\/www.interactivmedias.com\/fr\/waizz-devoile-son-detecteur-dia-multilingue-gratuit-en-francais-et-precis-a-99\/\" aria-label=\"WAIZZ d\u00e9voile son d\u00e9tecteur d\u2019IA multilingue gratuit (en fran\u00e7ais), et pr\u00e9cis \u00e0 99 %\">\r\n\t\t\t<span class=\"rb-iwrap pc-75\"><img loading=\"lazy\" decoding=\"async\" width=\"280\" height=\"210\" src=\"https:\/\/www.interactivmedias.com\/fr\/wp-content\/uploads\/sites\/2\/2025\/03\/waizz-14587-280x210.jpg\" class=\"attachment-pixwell_280x210 size-pixwell_280x210 wp-post-image\" alt=\"waizz ai\" \/><\/span> <\/a>\r\n\t\t\t\t\t\t\t<\/div>\r\n\t\t\t\t<\/div>\r\n\t\t\t\t\t\t<div class=\"col-right\">\r\n\t\t\t\t<div class=\"p-header\"><h4 class=\"entry-title\">\t\t<a class=\"p-url\" href=\"https:\/\/www.interactivmedias.com\/fr\/waizz-devoile-son-detecteur-dia-multilingue-gratuit-en-francais-et-precis-a-99\/\" rel=\"bookmark\">WAIZZ d\u00e9voile son d\u00e9tecteur d\u2019IA multilingue gratuit (en fran\u00e7ais), et pr\u00e9cis \u00e0 99 %<\/a>\r\n\t\t<\/h4><\/div>\r\n\t\t\t\t<div class=\"p-footer\">\r\n\t\t\t\t\t<aside class=\"p-meta-info\">\t\t<span class=\"meta-info-el meta-info-read\">\r\n\t\t\t<i class=\"rbi rbi-fish-eye\"><\/i>\t\t\t4 Min Read\t\t<\/span>\r\n\t\t<\/aside>\t\t\t\t<\/div>\r\n\t\t\t<\/div>\r\n\t\t<\/div>\r\n\t\t<\/div><div class=\"p-outer rb-p10-all rb-col-d6 rb-col-t12\">\t\t<div class=\"p-wrap p-list p-list-4 post-73 no-avatar\">\r\n\t\t\t\t\t\t\t<div class=\"col-left\">\r\n\t\t\t\t\t<div class=\"p-feat\">\r\n\t\t\t\t\t\t\t\t<a class=\"p-flink\" href=\"https:\/\/www.interactivmedias.com\/fr\/semrush-le-couteau-suisse-des-professionnels-du-marketing\/\" aria-label=\"Semrush : le couteau Suisse des professionnels du marketing\">\r\n\t\t\t<span class=\"rb-iwrap pc-75\"><img loading=\"lazy\" decoding=\"async\" width=\"280\" height=\"210\" src=\"https:\/\/www.interactivmedias.com\/fr\/wp-content\/uploads\/sites\/2\/2024\/11\/semrush-280x210.jpg\" class=\"attachment-pixwell_280x210 size-pixwell_280x210 wp-post-image\" alt=\"Semrush\" \/><\/span> <\/a>\r\n\t\t\t\t\t\t\t<\/div>\r\n\t\t\t\t<\/div>\r\n\t\t\t\t\t\t<div class=\"col-right\">\r\n\t\t\t\t<div class=\"p-header\"><h4 class=\"entry-title\">\t\t<a class=\"p-url\" href=\"https:\/\/www.interactivmedias.com\/fr\/semrush-le-couteau-suisse-des-professionnels-du-marketing\/\" rel=\"bookmark\">Semrush : le couteau Suisse des professionnels du marketing<\/a>\r\n\t\t<\/h4><\/div>\r\n\t\t\t\t<div class=\"p-footer\">\r\n\t\t\t\t\t<aside class=\"p-meta-info\">\t\t<span class=\"meta-info-el meta-info-read\">\r\n\t\t\t<i class=\"rbi rbi-fish-eye\"><\/i>\t\t\t7 Min Read\t\t<\/span>\r\n\t\t<\/aside>\t\t\t\t<\/div>\r\n\t\t\t<\/div>\r\n\t\t<\/div>\r\n\t\t<\/div><\/div><div class=\"sright rb-col-d4 rb-col-m12\"><div class=\"sub-inner rb-p10-all\"><div class=\"sub-header\"><h3 class=\"widget-title\">Articles populaires<\/h3><\/div>\t\t<div class=\"p-wrap p-list p-list-8 post-57 no-avatar\">\r\n\t\t\t<h3 class=\"entry-title\">\t\t<a class=\"p-url\" href=\"https:\/\/www.interactivmedias.com\/fr\/comment-contourner-les-detecteurs-dia\/\" rel=\"bookmark\">Comment contourner les d\u00e9tecteurs d&rsquo;IA ?<\/a>\r\n\t\t<span class=\"read-it-later bookmark-item\"  data-title=\"Read it Later\" data-bookmarkid=\"57\">\r\n\t\t\t<i class=\"rbi rbi-bookmark\" aria-hidden=\"true\"><\/i><\/span>\r\n\t\t<\/h3>\t\t\t<div class=\"p-footer\">\r\n\t\t\t\t<aside class=\"p-meta-info\">\t\t<span class=\"meta-info-el meta-info-read\">\r\n\t\t\t<i class=\"rbi rbi-fish-eye\"><\/i>\t\t\t7 Min Read\t\t<\/span>\r\n\t\t<span class=\"meta-info-el mobile-bookmark\"><span class=\"read-it-later bookmark-item\"  data-title=\"Read it Later\" data-bookmarkid=\"57\">\r\n\t\t\t<i class=\"rbi rbi-bookmark\" aria-hidden=\"true\"><\/i><\/span>\r\n\t\t<\/span><\/aside>\t\t\t<\/div>\r\n\t\t<\/div>\r\n\t\t\t\t<div class=\"p-wrap p-list p-list-8 post-7 no-avatar\">\r\n\t\t\t<h3 class=\"entry-title\">\t\t<a class=\"p-url\" href=\"https:\/\/www.interactivmedias.com\/fr\/strategies-de-link-building-comment-obtenir-des-backlinks-de-qualite\/\" rel=\"bookmark\">Strat\u00e9gies de link building : Comment obtenir des backlinks de qualit\u00e9 ?<\/a>\r\n\t\t<span class=\"read-it-later bookmark-item\"  data-title=\"Read it Later\" data-bookmarkid=\"7\">\r\n\t\t\t<i class=\"rbi rbi-bookmark\" aria-hidden=\"true\"><\/i><\/span>\r\n\t\t<\/h3>\t\t\t<div class=\"p-footer\">\r\n\t\t\t\t<aside class=\"p-meta-info\">\t\t<span class=\"meta-info-el meta-info-read\">\r\n\t\t\t<i class=\"rbi rbi-fish-eye\"><\/i>\t\t\t9 Min Read\t\t<\/span>\r\n\t\t<span class=\"meta-info-el mobile-bookmark\"><span class=\"read-it-later bookmark-item\"  data-title=\"Read it Later\" data-bookmarkid=\"7\">\r\n\t\t\t<i class=\"rbi rbi-bookmark\" aria-hidden=\"true\"><\/i><\/span>\r\n\t\t<\/span><\/aside>\t\t\t<\/div>\r\n\t\t<\/div>\r\n\t\t\t\t<div class=\"p-wrap p-list p-list-8 post-10 no-avatar\">\r\n\t\t\t<h3 class=\"entry-title\">\t\t<a class=\"p-url\" href=\"https:\/\/www.interactivmedias.com\/fr\/comment-lintelligence-artificielle-va-changer-lavenir-du-seo\/\" rel=\"bookmark\">Comment l&rsquo;intelligence artificielle va changer l&rsquo;avenir du SEO ?<\/a>\r\n\t\t<span class=\"read-it-later bookmark-item\"  data-title=\"Read it Later\" data-bookmarkid=\"10\">\r\n\t\t\t<i class=\"rbi rbi-bookmark\" aria-hidden=\"true\"><\/i><\/span>\r\n\t\t<\/h3>\t\t\t<div class=\"p-footer\">\r\n\t\t\t\t<aside class=\"p-meta-info\">\t\t<span class=\"meta-info-el meta-info-read\">\r\n\t\t\t<i class=\"rbi rbi-fish-eye\"><\/i>\t\t\t4 Min Read\t\t<\/span>\r\n\t\t<span class=\"meta-info-el mobile-bookmark\"><span class=\"read-it-later bookmark-item\"  data-title=\"Read it Later\" data-bookmarkid=\"10\">\r\n\t\t\t<i class=\"rbi rbi-bookmark\" aria-hidden=\"true\"><\/i><\/span>\r\n\t\t<\/span><\/aside>\t\t\t<\/div>\r\n\t\t<\/div>\r\n\t\t\t\t<div class=\"p-wrap p-list p-list-8 post-14 no-avatar\">\r\n\t\t\t<h3 class=\"entry-title\">\t\t<a class=\"p-url\" href=\"https:\/\/www.interactivmedias.com\/fr\/seo-faut-il-soumettre-son-site-dans-les-annuaires\/\" rel=\"bookmark\">SEO : Faut-il soumettre son site dans les annuaires en 2024?<\/a>\r\n\t\t<span class=\"read-it-later bookmark-item\"  data-title=\"Read it Later\" data-bookmarkid=\"14\">\r\n\t\t\t<i class=\"rbi rbi-bookmark\" aria-hidden=\"true\"><\/i><\/span>\r\n\t\t<\/h3>\t\t\t<div class=\"p-footer\">\r\n\t\t\t\t<aside class=\"p-meta-info\">\t\t<span class=\"meta-info-el meta-info-read\">\r\n\t\t\t<i class=\"rbi rbi-fish-eye\"><\/i>\t\t\t4 Min Read\t\t<\/span>\r\n\t\t<span class=\"meta-info-el mobile-bookmark\"><span class=\"read-it-later bookmark-item\"  data-title=\"Read it Later\" data-bookmarkid=\"14\">\r\n\t\t\t<i class=\"rbi rbi-bookmark\" aria-hidden=\"true\"><\/i><\/span>\r\n\t\t<\/span><\/aside>\t\t\t<\/div>\r\n\t\t<\/div>\r\n\t\t\t\t<div class=\"p-wrap p-list p-list-8 post-12 no-avatar\">\r\n\t\t\t<h3 class=\"entry-title\">\t\t<a class=\"p-url\" href=\"https:\/\/www.interactivmedias.com\/fr\/le-referencement-naturel-comment-ca-marche\/\" rel=\"bookmark\">SEO : le r\u00e9f\u00e9rencement naturel comment \u00e7a marche?<\/a>\r\n\t\t<span class=\"read-it-later bookmark-item\"  data-title=\"Read it Later\" data-bookmarkid=\"12\">\r\n\t\t\t<i class=\"rbi rbi-bookmark\" aria-hidden=\"true\"><\/i><\/span>\r\n\t\t<\/h3>\t\t\t<div class=\"p-footer\">\r\n\t\t\t\t<aside class=\"p-meta-info\">\t\t<span class=\"meta-info-el meta-info-read\">\r\n\t\t\t<i class=\"rbi rbi-fish-eye\"><\/i>\t\t\t11 Min Read\t\t<\/span>\r\n\t\t<span class=\"meta-info-el mobile-bookmark\"><span class=\"read-it-later bookmark-item\"  data-title=\"Read it Later\" data-bookmarkid=\"12\">\r\n\t\t\t<i class=\"rbi rbi-bookmark\" aria-hidden=\"true\"><\/i><\/span>\r\n\t\t<\/span><\/aside>\t\t\t<\/div>\r\n\t\t<\/div>\r\n\t\t<\/div><\/div>\t\t<\/div><\/div>\r\n\t\t<\/div>\n<\/div><\/div><\/div><div id=\"uid_90753169a\" class=\"rbc-row rbc-fw-section clearfix is-fullwidth\"><div class=\"rbc-container rb-p20-gutter\"><div class=\"rbc-content\"><p>\t\t<div id=\"uid_61507a528\" class=\"block-wrap fw-block block-heading none-margin is-center\" >\r\n\t\t\t\t\t\t\t\t<\/div>\t\t<div id=\"uid_2444a00a9\" class=\"block-wrap fw-block block-ibox none-margin\" >\r\n\t\t\t\t<div class=\"content-wrap\"><div class=\"content-inner\">\r\n\t\t\t\t<div class=\"ibox-wrap rb-row rb-n20-gutter\">\r\n\t\t\t<div class=\"ibox-outer rb-col-t4 rb-col-m12 rb-p20-gutter\">\r\n\t\t\t\t\t\t<div class=\"ibox\">\r\n\t\t\t\t\t\t\t<div class=\"ibox-thumb\">\r\n\t\t\t\t\t\t\t\t\t\t<a href=\"\/fr\/outils-seo\" target=\"_self\">\r\n\t\t\t\t\t\t\t\t\t\t\t\t\t\t\t\t\t\t\t<img class=\"ibox-img\" loading=\"lazy\" decoding=\"async\" src=\"https:\/\/www.interactivmedias.com\/wp-content\/uploads\/2024\/05\/seo-tools.jpg\" alt=\"\" width=\"740\" height=\"740\">\r\n\t\t\t\t\t\t\t\t\t\t\t\t\t\t\t\t\t<\/a>\r\n\t\t\t\t\t\t\t\t<\/div>\r\n\t\t\t\t\t\t<h3 class=\"ibox-title\">\r\n\t\t\t\t\t\t\t\t\t<a class=\"p-url\" href=\"\/fr\/outils-seo\" target=\"_self\">Outils SEO<\/a>\r\n\t\t\t\t\t\t\t<\/h3>\r\n\t\t\t<p class=\"ibox-desc rb-sdesc\">D\u00e9couvrez les meilleurs outils et logiciels pour booster vos marketing digital.<\/p>\r\n\t\t\t\t\t\t\t<div class=\"ibox-link\">\r\n\t\t\t\t\t<a class=\"btn p-link\" href=\"\/fr\/outils-seo\" target=\"_self\" aria-label=\"\">Voir plus<i class=\"rbi rbi-arrow-right\"><\/i><\/a>\r\n\t\t\t\t<\/div>\r\n\t\t\t\t\t<\/div>\r\n\t\t\t\t\t<\/div>\r\n\t\t\t<div class=\"ibox-outer rb-col-t4 rb-col-m12 rb-p20-gutter\">\r\n\t\t\t\t\t\t<div class=\"ibox\">\r\n\t\t\t\t\t\t\t<div class=\"ibox-thumb\">\r\n\t\t\t\t\t\t\t\t\t\t<a href=\"\/fr\/outils-productivite\" target=\"_self\">\r\n\t\t\t\t\t\t\t\t\t\t\t\t\t\t\t\t\t\t\t<img class=\"ibox-img\" loading=\"lazy\" decoding=\"async\" src=\"https:\/\/www.interactivmedias.com\/wp-content\/uploads\/2024\/11\/productivity-tools-illustration.jpg\" alt=\"\" width=\"740\" height=\"740\">\r\n\t\t\t\t\t\t\t\t\t\t\t\t\t\t\t\t\t<\/a>\r\n\t\t\t\t\t\t\t\t<\/div>\r\n\t\t\t\t\t\t<h3 class=\"ibox-title\">\r\n\t\t\t\t\t\t\t\t\t<a class=\"p-url\" href=\"\/fr\/outils-productivite\" target=\"_self\">Outils Productivit\u00e9<\/a>\r\n\t\t\t\t\t\t\t<\/h3>\r\n\t\t\t<p class=\"ibox-desc rb-sdesc\">Une s\u00e9lection des meilleurs outils et logiciels pour am\u00e9liorer votre productivit\u00e9.<\/p>\r\n\t\t\t\t\t\t\t<div class=\"ibox-link\">\r\n\t\t\t\t\t<a class=\"btn p-link\" href=\"\/fr\/outils-productivite\" target=\"_self\" aria-label=\"\">Voir plus<i class=\"rbi rbi-arrow-right\"><\/i><\/a>\r\n\t\t\t\t<\/div>\r\n\t\t\t\t\t<\/div>\r\n\t\t\t\t\t<\/div>\r\n\t\t\t<div class=\"ibox-outer rb-col-t4 rb-col-m12 rb-p20-gutter\">\r\n\t\t\t\t\t\t<div class=\"ibox\">\r\n\t\t\t\t\t\t\t<div class=\"ibox-thumb\">\r\n\t\t\t\t\t\t\t\t\t\t<a href=\"\/fr\/outils-ia\" target=\"_self\">\r\n\t\t\t\t\t\t\t\t\t\t\t\t\t\t\t\t\t\t\t<img class=\"ibox-img\" loading=\"lazy\" decoding=\"async\" src=\"https:\/\/www.interactivmedias.com\/wp-content\/uploads\/2024\/05\/ai-tools.jpg\" alt=\"\" width=\"740\" height=\"740\">\r\n\t\t\t\t\t\t\t\t\t\t\t\t\t\t\t\t\t<\/a>\r\n\t\t\t\t\t\t\t\t<\/div>\r\n\t\t\t\t\t\t<h3 class=\"ibox-title\">\r\n\t\t\t\t\t\t\t\t\t<a class=\"p-url\" href=\"\/fr\/outils-ia\" target=\"_self\">Outils IA<\/a>\r\n\t\t\t\t\t\t\t<\/h3>\r\n\t\t\t<p class=\"ibox-desc rb-sdesc\">Une s\u00e9lection des meilleurs outils propuls\u00e9s par intelligence artificielle pour vous assister dans votre travail et vous faire gagner en efficacit\u00e9.<\/p>\r\n\t\t\t\t\t\t\t<div class=\"ibox-link\">\r\n\t\t\t\t\t<a class=\"btn p-link\" href=\"\/fr\/outils-ia\" target=\"_self\" aria-label=\"\">Voir plus<i class=\"rbi rbi-arrow-right\"><\/i><\/a>\r\n\t\t\t\t<\/div>\r\n\t\t\t\t\t<\/div>\r\n\t\t\t\t\t<\/div>\r\n\t\t<\/div>\r\n\t\t\t\t<\/div><\/div>\r\n\t\t<\/div><\/p>\n<\/div><\/div><\/div><div id=\"uid_36b5147ab\" class=\"rbc-row rbc-fw-section clearfix is-fullwidth\"><div class=\"rbc-container rb-p20-gutter\"><div class=\"rbc-content\">\t\t<div id=\"uid_568146854\" class=\"block-wrap fw-block fw-grid-1\" >\r\n\t\t\t\t<header class=\"block-header\">\r\n\t\t\t\t\t\t\t<h2 class=\"block-title h3\">Latest News<\/h2>\r\n\t\t\t\t\t\t\t\t<\/header>\r\n\t\t<\/div>\n<\/div><\/div><\/div><\/p>\n","protected":false},"excerpt":{"rendered":"","protected":false},"author":2,"featured_media":0,"parent":0,"menu_order":0,"comment_status":"closed","ping_status":"open","template":"rbc-frontend.php","meta":{"footnotes":""},"class_list":["post-2","page","type-page","status-publish"],"aioseo_notices":[],"_links":{"self":[{"href":"https:\/\/www.interactivmedias.com\/fr\/wp-json\/wp\/v2\/pages\/2","targetHints":{"allow":["GET"]}}],"collection":[{"href":"https:\/\/www.interactivmedias.com\/fr\/wp-json\/wp\/v2\/pages"}],"about":[{"href":"https:\/\/www.interactivmedias.com\/fr\/wp-json\/wp\/v2\/types\/page"}],"author":[{"embeddable":true,"href":"https:\/\/www.interactivmedias.com\/fr\/wp-json\/wp\/v2\/users\/2"}],"replies":[{"embeddable":true,"href":"https:\/\/www.interactivmedias.com\/fr\/wp-json\/wp\/v2\/comments?post=2"}],"version-history":[{"count":11,"href":"https:\/\/www.interactivmedias.com\/fr\/wp-json\/wp\/v2\/pages\/2\/revisions"}],"predecessor-version":[{"id":92,"href":"https:\/\/www.interactivmedias.com\/fr\/wp-json\/wp\/v2\/pages\/2\/revisions\/92"}],"wp:attachment":[{"href":"https:\/\/www.interactivmedias.com\/fr\/wp-json\/wp\/v2\/media?parent=2"}],"curies":[{"name":"wp","href":"https:\/\/api.w.org\/{rel}","templated":true}]}}